{"id":18,"date":"2014-04-06T19:57:09","date_gmt":"2014-04-06T17:57:09","guid":{"rendered":"http:\/\/www.fechtklub.at\/wordpress\/?page_id=18"},"modified":"2022-05-06T15:55:22","modified_gmt":"2022-05-06T13:55:22","slug":"trainingszeiten","status":"publish","type":"page","link":"http:\/\/www.fechtklub.at\/wordpress\/trainingszeiten\/","title":{"rendered":"Trainingszeiten"},"content":{"rendered":"<p><strong><u>Allgemeines Training:<\/u><br \/>\n<\/strong><strong>Dienstag \u00a0 \u00a0 \u00a0<\/strong>von <strong>18:15<\/strong>\u00a0bis <strong>20:30<\/strong><br \/>\n<strong>Donnerstag\u00a0<\/strong>von <strong>18:15<\/strong>\u00a0bis <strong>20:30<\/strong><\/p>\n<p><strong><u>Wettkampftraining:<\/u><br \/>\n<\/strong><strong>Freitag\u00a0<\/strong>\u00a0 \u00a0 \u00a0 \u00a0 nach Vereinbarung<\/p>\n<p><strong><u>Kindertraining:<\/u><br \/>\n<\/strong><strong>Dienstag<\/strong>\u00a0 \u00a0 \u00a0 von <strong>17:00<\/strong>\u00a0bis <strong>18:00<br \/>\nDonnerstag <\/strong>von<strong> 17:00 <\/strong>bis<strong> 18:00<\/strong><\/p>\n<p>im<br \/>\n<strong>Franz F\u00fcrst Freizeitzentrum (Vereine),\u00a0<\/strong><strong>Eumigweg 3,\u00a02351 Wiener Neudorf<\/strong><\/p>\n<p><iframe loading=\"lazy\" style=\"border: 0;\" src=\"https:\/\/www.google.com\/maps\/embed?pb=!1m14!1m8!1m3!1d2665.1080458552324!2d16.316266799999998!3d48.088857299999994!3m2!1i1024!2i768!4f13.1!3m3!1m2!1s0x476daee465195703%3A0x39cc63b2f07530d4!2sEumigweg+3%2C+2351+Wiener+Neudorf%2C+%C3%96sterreich!5e0!3m2!1sde!2s!4v1423411983002\" width=\"600\" height=\"450\" frameborder=\"0\"><\/iframe><\/p>\n<p>Ausk\u00fcnfte zum Training vor Ort oder siehe\u00a0<a href=\"http:\/\/www.fechtklub.at\/wordpress\/kontakt\/\">Kontakte<\/a><\/p>\n<p>Wenn du bei uns vorbei schaust, erf\u00e4hrst du alles Weitere.<br \/>\nF\u00fcr Anf\u00e4nger steht zum Kennenlernen Fechtausr\u00fcstung leihweise zu Verf\u00fcgung.<\/p>\n","protected":false},"excerpt":{"rendered":"<p>Allgemeines Training: Dienstag \u00a0 \u00a0 \u00a0von 18:15\u00a0bis 20:30 Donnerstag\u00a0von 18:15\u00a0bis 20:30 Wettkampftraining: Freitag\u00a0\u00a0 \u00a0 \u00a0 \u00a0 nach Vereinbarung Kindertraining: Dienstag\u00a0 \u00a0 \u00a0 von 17:00\u00a0bis 18:00 Donnerstag von 17:00 bis 18:00 im Franz F\u00fcrst Freizeitzentrum (Vereine),\u00a0Eumigweg 3,\u00a02351 Wiener Neudorf Ausk\u00fcnfte zum &hellip; <a href=\"http:\/\/www.fechtklub.at\/wordpress\/trainingszeiten\/\">Weiterlesen <span class=\"meta-nav\">&rarr;<\/span><\/a><\/p>\n","protected":false},"author":1,"featured_media":0,"parent":0,"menu_order":2,"comment_status":"closed","ping_status":"closed","template":"","meta":[],"_links":{"self":[{"href":"http:\/\/www.fechtklub.at\/wordpress\/wp-json\/wp\/v2\/pages\/18"}],"collection":[{"href":"http:\/\/www.fechtklub.at\/wordpress\/wp-json\/wp\/v2\/pages"}],"about":[{"href":"http:\/\/www.fechtklub.at\/wordpress\/wp-json\/wp\/v2\/types\/page"}],"author":[{"embeddable":true,"href":"http:\/\/www.fechtklub.at\/wordpress\/wp-json\/wp\/v2\/users\/1"}],"replies":[{"embeddable":true,"href":"http:\/\/www.fechtklub.at\/wordpress\/wp-json\/wp\/v2\/comments?post=18"}],"version-history":[{"count":11,"href":"http:\/\/www.fechtklub.at\/wordpress\/wp-json\/wp\/v2\/pages\/18\/revisions"}],"predecessor-version":[{"id":482,"href":"http:\/\/www.fechtklub.at\/wordpress\/wp-json\/wp\/v2\/pages\/18\/revisions\/482"}],"wp:attachment":[{"href":"http:\/\/www.fechtklub.at\/wordpress\/wp-json\/wp\/v2\/media?parent=18"}],"curies":[{"name":"wp","href":"https:\/\/api.w.org\/{rel}","templated":true}]}}