{"id":21,"date":"2014-04-06T20:41:36","date_gmt":"2014-04-06T18:41:36","guid":{"rendered":"http:\/\/www.fechtklub.at\/wordpress\/?page_id=21"},"modified":"2020-09-18T17:53:14","modified_gmt":"2020-09-18T15:53:14","slug":"links","status":"publish","type":"page","link":"http:\/\/www.fechtklub.at\/wordpress\/links\/","title":{"rendered":"Links"},"content":{"rendered":"<h1>Informationen:<\/h1>\n<dl>\n<dt><a href=\"http:\/\/www.fie.ch\/\" target=\"_blank\">FIE &#8211; Le site officiel de la federation internationale d&#8217;escrime<\/a><\/dt>\n<dd>Diese Seite enth\u00e4t au\u00dfer den internationalen Turnierkalendern auch Inhalte zur Weiterentwicklung des Sports und andere relevante (z.B. Rechts-) Informationen.<\/dd>\n<dt><a href=\"http:\/\/www.eurofencing.info\/\" target=\"_blank\">Europ\u00e4ischer Fechtverband<\/a><\/dt>\n<dd>Das ganze auf europ\u00e4ischer Ebene&#8230;<\/dd>\n<dt><a href=\"http:\/\/www.oefv.com\" target=\"_blank\">\u00d6FV &#8211; Der \u00d6sterreichische Fechtverband <\/a><\/dt>\n<dd>Website mit Turnierkalender, Newsletter usw..<\/dd>\n<dt><a href=\"http:\/\/noelfv.co.at\" target=\"_blank\">N\u00d6LFV &#8211; Der Nieder\u00f6sterreichische Fechtverband <\/a><\/dt>\n<dd>ja, den gibt&#8217;s auch !<\/dd>\n<dt><a href=\"http:\/\/de.wikipedia.org\/wiki\/Fechtsport\" target=\"_blank\">Fechtsport bei Wikipedia<\/a><\/dt>\n<dd>alles was man an Basiswissen braucht !<\/dd>\n<dt><a href=\"http:\/\/de.wikipedia.org\/wiki\/Portal:Fechten\" target=\"_blank\">Portal Fechten bei Wikipedia<\/a><\/dt>\n<dd>&#8230; und noch mehr Informationen<\/dd>\n<dt><a href=\"http:\/\/de.wikipedia.org\/wiki\/Ellen_M%C3%BCller-Preis\" target=\"_blank\">Unser erfolgreichstes Vereinsmitglied<\/a><\/dt>\n<dd>Ellen &#8211; M\u00fcller &#8211; Preiss (1912-2007) | Olympiasiegerin 1932<\/dd>\n<\/dl>\n<h1>Hersteller und Webshops:<\/h1>\n<p><a href=\"http:\/\/fechtsport-martin.at\/\" target=\"_blank\"><img decoding=\"async\" class=\"alignnone\" src=\"http:\/\/fechtsport-martin.at\/images\/s2dlogo.jpg\" alt=\"Fechtsport Martin\" \/><\/a><\/p>\n<p><a href=\"http:\/\/www.pbtfencing.com\/\" target=\"_blank\"><img decoding=\"async\" class=\"alignnone\" src=\"http:\/\/www.fechtklub.at\/pbtfencing.jpg\" alt=\"PBT Fencing Ungarn \" \/><\/a> PBTFencing Ungarn<\/p>\n<p><a href=\"http:\/\/www.leonpaulgermany.com\/\" target=\"_blank\"><img decoding=\"async\" class=\"alignnone\" src=\"http:\/\/www.leonpaulgermany.com\/acatalog\/logo-USA.gif\" alt=\"Leon Paul\" \/><\/a>\u00a0 \u00a0 \u00a0Leon Paul Germany<\/p>\n<p><a href=\"http:\/\/www.zivkovic.com\/\" target=\"_blank\"><img decoding=\"async\" class=\"alignnone\" src=\"http:\/\/www.fechtklub.at\/zivkovic.jpg\" alt=\"Branimir Zivkovic\" \/><\/a>\u00a0 \u00a0 \u00a0 \u00a0Branimir Zivkovic USA<\/p>\n","protected":false},"excerpt":{"rendered":"<p>Informationen: FIE &#8211; Le site officiel de la federation internationale d&#8217;escrime Diese Seite enth\u00e4t au\u00dfer den internationalen Turnierkalendern auch Inhalte zur Weiterentwicklung des Sports und andere relevante (z.B. Rechts-) Informationen. Europ\u00e4ischer Fechtverband Das ganze auf europ\u00e4ischer Ebene&#8230; \u00d6FV &#8211; Der &hellip; <a href=\"http:\/\/www.fechtklub.at\/wordpress\/links\/\">Weiterlesen <span class=\"meta-nav\">&rarr;<\/span><\/a><\/p>\n","protected":false},"author":1,"featured_media":0,"parent":0,"menu_order":4,"comment_status":"closed","ping_status":"closed","template":"","meta":[],"_links":{"self":[{"href":"http:\/\/www.fechtklub.at\/wordpress\/wp-json\/wp\/v2\/pages\/21"}],"collection":[{"href":"http:\/\/www.fechtklub.at\/wordpress\/wp-json\/wp\/v2\/pages"}],"about":[{"href":"http:\/\/www.fechtklub.at\/wordpress\/wp-json\/wp\/v2\/types\/page"}],"author":[{"embeddable":true,"href":"http:\/\/www.fechtklub.at\/wordpress\/wp-json\/wp\/v2\/users\/1"}],"replies":[{"embeddable":true,"href":"http:\/\/www.fechtklub.at\/wordpress\/wp-json\/wp\/v2\/comments?post=21"}],"version-history":[{"count":19,"href":"http:\/\/www.fechtklub.at\/wordpress\/wp-json\/wp\/v2\/pages\/21\/revisions"}],"predecessor-version":[{"id":385,"href":"http:\/\/www.fechtklub.at\/wordpress\/wp-json\/wp\/v2\/pages\/21\/revisions\/385"}],"wp:attachment":[{"href":"http:\/\/www.fechtklub.at\/wordpress\/wp-json\/wp\/v2\/media?parent=21"}],"curies":[{"name":"wp","href":"https:\/\/api.w.org\/{rel}","templated":true}]}}