{"id":317,"date":"2018-05-11T19:50:58","date_gmt":"2018-05-11T17:50:58","guid":{"rendered":"http:\/\/www.fechtklub.at\/wordpress\/?page_id=317"},"modified":"2020-09-20T17:47:58","modified_gmt":"2020-09-20T15:47:58","slug":"impressum-und-datenschutz","status":"publish","type":"page","link":"http:\/\/www.fechtklub.at\/wordpress\/impressum-und-datenschutz\/","title":{"rendered":"Impressum und Datenschutz"},"content":{"rendered":"<h1>Impressum<\/h1>\n<p>Verantwortlich f\u00fcr\u00a0diese Website\u00a0ist der<br \/>\n<strong>Fechtklub Wiener Neudorf<\/strong><\/p>\n<p>vertreten durch den Vorstand:<\/p>\n<p>Dr. Othmar Schuhfried\u00a0&#8211; Obmann<br \/>\ntel: 0676 3826185<br \/>\n<a href=\"mailto:obmann@fechtklub.at\">obmann@fechtklub.at<\/a><\/p>\n<p>DI Clemens Gatterer &#8211; Obmann-Stellvertreter<br \/>\ntel: 0664 4285174\u202c<br \/>\n<a href=\"mailto:obmann@fechtklub.at\">obmann@fechtklub.at<\/a><\/p>\n<p>Dr. Paul Breitner &#8211; Kassier<br \/>\ntel: 0664 9510019<br \/>\n<a href=\"mailto:kassier@fechtklub.at\">kassier@fechtklub.at<\/a><\/p>\n<p>Ing. Gerhard Kl\u00f6bl\u00a0&#8211; Schriftf\u00fchrer<br \/>\ntel: 0664 1803466<br \/>\n<a href=\"mailto:schriftfuehrer@fechtklub.at\">schriftfuehrer@fechtklub.at<\/a><\/p>\n<p>Diverse Inhalte werden von Klubmitgliedern mit Autorenrechten ins Netz gestellt. Diese Autoren sind in erster Linie f\u00fcr den geposteten Inhalt verantwortlich.<\/p>\n<h1>Datenschutzbestimmungen nach DSGVO 2018<\/h1>\n<p>Alle Mitglieder und deren Angeh\u00f6rige k\u00f6nnen einen Zugang zu dieser Website automatisiert beantragen um Zugang zum Fotobereichen zu bekommen. Die Fotos in diesem Bereich sind urheberrechtlich gesch\u00fctzt und wir wollen den Zugang dazu kontrollieren. Sollten sich Vereinsfremde registrieren, so haben sie mit einer kommentarlosen L\u00f6schung ihren Zugangs zu rechnen.<\/p>\n<p>Ausgew\u00e4hlte\u00a0Mitglieder haben Autorenrechte. Nur diese d\u00fcrfen Inhalte auf die Seite stellen.<\/p>\n<p>Alle Benutzer die sich auf dieser Seite registrieren, stimmen der Verwendung ihrer von ihnen angegebenen Daten ausdr\u00fccklich zu. Ist dies nicht mehr gew\u00fcnscht, reicht eine kurze Nachricht an eine der Vorst\u00e4nde, oder an den Webmaster und der Zugang samt Daten wird gel\u00f6scht.<\/p>\n<p>Die Benutzerdaten, insbesondere die Emailadresse, wir nur zur Benachrichtigung f\u00fcr Zugangsprobleme und Bearbeitung der vom jeweiligen Benutzer erstellten Inhalte verwendet. Benutzerdaten werden in keiner Weise weiter gegeben.<\/p>\n<p>Benutzer k\u00f6nnen nach einj\u00e4hriger Inaktivit\u00e4t kommentarlos gel\u00f6scht werden.<\/p>\n","protected":false},"excerpt":{"rendered":"<p>Impressum Verantwortlich f\u00fcr\u00a0diese Website\u00a0ist der Fechtklub Wiener Neudorf vertreten durch den Vorstand: Dr. Othmar Schuhfried\u00a0&#8211; Obmann tel: 0676 3826185 obmann@fechtklub.at DI Clemens Gatterer &#8211; Obmann-Stellvertreter tel: 0664 4285174\u202c obmann@fechtklub.at Dr. Paul Breitner &#8211; Kassier tel: 0664 9510019 kassier@fechtklub.at Ing. Gerhard &hellip; <a href=\"http:\/\/www.fechtklub.at\/wordpress\/impressum-und-datenschutz\/\">Weiterlesen <span class=\"meta-nav\">&rarr;<\/span><\/a><\/p>\n","protected":false},"author":7,"featured_media":0,"parent":0,"menu_order":0,"comment_status":"closed","ping_status":"closed","template":"","meta":[],"_links":{"self":[{"href":"http:\/\/www.fechtklub.at\/wordpress\/wp-json\/wp\/v2\/pages\/317"}],"collection":[{"href":"http:\/\/www.fechtklub.at\/wordpress\/wp-json\/wp\/v2\/pages"}],"about":[{"href":"http:\/\/www.fechtklub.at\/wordpress\/wp-json\/wp\/v2\/types\/page"}],"author":[{"embeddable":true,"href":"http:\/\/www.fechtklub.at\/wordpress\/wp-json\/wp\/v2\/users\/7"}],"replies":[{"embeddable":true,"href":"http:\/\/www.fechtklub.at\/wordpress\/wp-json\/wp\/v2\/comments?post=317"}],"version-history":[{"count":4,"href":"http:\/\/www.fechtklub.at\/wordpress\/wp-json\/wp\/v2\/pages\/317\/revisions"}],"predecessor-version":[{"id":386,"href":"http:\/\/www.fechtklub.at\/wordpress\/wp-json\/wp\/v2\/pages\/317\/revisions\/386"}],"wp:attachment":[{"href":"http:\/\/www.fechtklub.at\/wordpress\/wp-json\/wp\/v2\/media?parent=317"}],"curies":[{"name":"wp","href":"https:\/\/api.w.org\/{rel}","templated":true}]}}